{"id":1312,"date":"2023-07-03T16:04:46","date_gmt":"2023-07-03T13:04:46","guid":{"rendered":"https:\/\/timurbeyproject.com\/investitionen-in-der-tuerkei\/"},"modified":"2023-07-25T21:36:43","modified_gmt":"2023-07-25T18:36:43","slug":"investitionen-in-der-tuerkei","status":"publish","type":"page","link":"https:\/\/timurbeyproject.com\/de\/investitionen-in-der-tuerkei\/","title":{"rendered":"Investitionen in der T\u00fcrkei"},"content":{"rendered":"\n\n\t<section class=\"section\" id=\"section_1846830046\">\n\t\t<div class=\"section-bg fill\" >\n\t\t\t\t\t\t\t\t\t\n\t\t\t\n\n\t\t<\/div>\n\n\t\t\n\n\t\t<div class=\"section-content relative\">\n\t\t\t\n\n\n  <div class=\"banner has-hover has-parallax\" id=\"banner-716995312\">\n          <div class=\"banner-inner fill\">\n        <div class=\"banner-bg fill\" data-parallax=\"-6\" data-parallax-container=\".banner\" data-parallax-background>\n            <img loading=\"lazy\" decoding=\"async\" width=\"1600\" height=\"900\" src=\"https:\/\/timurbeyproject.com\/wp-content\/uploads\/2023\/07\/Investment-in-Turkey-Timurbey-Project.webp\" class=\"bg attachment-original size-original\" alt=\"\" title=\"\">                        <div class=\"overlay\"><\/div>            \n                    <\/div>\n\t\t\n        <div class=\"banner-layers container\">\n            <div class=\"fill banner-link\"><\/div>            \n\n   <div id=\"text-box-1501359715\" class=\"text-box banner-layer x50 md-x50 lg-x50 y50 md-y50 lg-y50 res-text\">\n                                <div class=\"text-box-content text dark\">\n              \n              <div class=\"text-inner text-center\">\n                  \n\n<h1><strong>Investitionen in der T\u00fcrkei<\/strong><\/h1>\n<p>Was sind die Vorteile von Investitionen in der T\u00fcrkei? Warum sollten Sie in der T\u00fcrkei investieren? hier ist die Antwort.<\/p>\n\n              <\/div>\n           <\/div>\n                            \n<style>\n#text-box-1501359715 {\n  width: 90%;\n}\n#text-box-1501359715 .text-box-content {\n  font-size: 100%;\n}\n@media (min-width:550px) {\n  #text-box-1501359715 {\n    width: 85%;\n  }\n}\n<\/style>\n    <\/div>\n \n\n        <\/div>\n      <\/div>\n\n            \n<style>\n#banner-716995312 {\n  padding-top: 99.99%;\n}\n#banner-716995312 .overlay {\n  background-color: rgba(0, 0, 0, 0.605);\n}\n#banner-716995312 .banner-bg img {\n  object-position: 50% 42%;\n}\n@media (min-width:550px) {\n  #banner-716995312 {\n    padding-top: 444px;\n  }\n  #banner-716995312 .overlay {\n    background-color: rgba(0, 0, 0, 0.605);\n  }\n}\n@media (min-width:850px) {\n  #banner-716995312 {\n    padding-top: 507px;\n  }\n}\n<\/style>\n  <\/div>\n\n\n\n\t\t<\/div>\n\n\t\t\n<style>\n#section_1846830046 {\n  padding-top: 0px;\n  padding-bottom: 0px;\n}\n<\/style>\n\t<\/section>\n\t\n\n\t<section class=\"section\" id=\"section_123736748\">\n\t\t<div class=\"section-bg fill\" >\n\t\t\t\t\t\t\t\t\t\n\t\t\t\n\n\t\t<\/div>\n\n\t\t\n\n\t\t<div class=\"section-content relative\">\n\t\t\t\n\n<div class=\"row row-solid\"  id=\"row-477209348\">\n\n\n\t<div id=\"col-1735161147\" class=\"col medium-12 small-12 large-8\"  >\n\t\t\t\t<div class=\"col-inner\"  >\n\t\t\t\n\t\t\t\n\n\t<div id=\"text-404382817\" class=\"text\">\n\t\t\n\n<h2>Informationen f\u00fcr Investoren aus dem Timurbey-Projekt<\/h2>\n<p>Immobilienanlagen sind als langfristige Anlagen bekannt, die hohe Gewinne bringen k\u00f6nnen. Aus diesem Grund interessieren sich viele Investoren f\u00fcr die Immobilienbranche. Eine geeignete Anlagem\u00f6glichkeit zu finden und erfolgreich in Immobilien zu investieren, erfordert jedoch Erfahrung und Ressourcen. Als Timurbey-Projekt k\u00f6nnen wir diese Ressource unseren Investoren zur Verf\u00fcgung stellen, das hei\u00dft Ihnen mit unserem umfangreichen Portfolio, zusammen mit unserem Team von Experten und erfahrenen Spezialisten auf diesem Gebiet.<\/p>\n<p>Unser Unternehmen bietet exklusive Angebote f\u00fcr Immobilieninvestoren. Die Projekte bieten&nbsp; das Potenzial f\u00fcr hohe Renditen und minimieren gleichzeitig jedes Risiko. Unser professionelles Team verf\u00fcgt \u00fcber das Wissen und die Erfahrung, um Investoren bei der richtigen Anlageentscheidung zu unterst\u00fctzen.<\/p>\n<p>Wir arbeiten daran, L\u00f6sungen anzubieten, die den Bed\u00fcrfnissen unserer Investoren entsprechen. Unsere Investitionsm\u00f6glichkeiten umfassen sowohl gewerbliche als auch Wohnprojekte, und jedes Projekt zeichnet sich durch hochwertige Design- und Bauqualit\u00e4t aus. Dar\u00fcber hinaus recherchieren und analysieren wir unsere Projekte gr\u00fcndlich, damit unsere Investoren ihre Investitionen am besten bewerten k\u00f6nnen.<\/p>\n<p>Die Zufriedenheit und der Erfolg unserer Investoren stehen f\u00fcr uns an erster Stelle. Daher bieten wir in enger Zusammenarbeit mit unseren Investoren Anlagem\u00f6glichkeiten, die ihren Bed\u00fcrfnissen und Erwartungen entsprechen.<\/p>\n<p>Wenn Sie &nbsp;wirklich in Immobilien investieren m\u00f6chten, sind Sie bei uns genau richtig. Nach dem Studium der M\u00f6glichkeiten, die wir anbieten, k\u00f6nnen Sie die Investitionsm\u00f6glichkeit w\u00e4hlen, die f\u00fcr Sie richtig ist. Unser professionelles Team unterst\u00fctzt Sie in jeder Phase und sorgt f\u00fcr die erfolgreiche Umsetzung Ihrer Investitionen.<\/p>\n<p>Immobilienanlagen sind zukunftsorientierte Anlagen, und die Wahl der richtigen Anlagem\u00f6glichkeit bringt Ihnen langfristig gro\u00dfe Gewinne. Wenn Sie Ihre Investitionen auch richtig lenken m\u00f6chten, k\u00f6nnen Sie sich mit uns in Verbindung setzen und sich ausf\u00fchrlicher \u00fcber die von uns angebotenen Anlagem\u00f6glichkeiten informieren.<\/p>\n\t\t\n<style>\n#text-404382817 {\n  text-align: center;\n}\n<\/style>\n\t<\/div>\n\t\n\n\t\t<\/div>\n\t\t\t\t\n<style>\n#col-1735161147 > .col-inner {\n  margin: -15px 0px 0px 0px;\n}\n<\/style>\n\t<\/div>\n\n\t\n\n\t<div id=\"col-1277384978\" class=\"col medium-12 small-12 large-4\"  >\n\t\t\t\t<div class=\"col-inner text-left\" style=\"background-color:rgb(227, 227, 227);\" >\n\t\t\t\n\t\t\t\n\n<h3 style=\"text-align: center;\">das Formular ausf\u00fcllen. Wir melden uns bei Ihnen.<\/h3>\n\n<div class=\"wpcf7 no-js\" id=\"wpcf7-f1594-o1\" lang=\"de-DE\" dir=\"ltr\" data-wpcf7-id=\"1594\">\n<div class=\"screen-reader-response\"><p role=\"status\" aria-live=\"polite\" aria-atomic=\"true\"><\/p> <ul><\/ul><\/div>\n<form action=\"\/de\/wp-json\/wp\/v2\/pages\/1312#wpcf7-f1594-o1\" method=\"post\" class=\"wpcf7-form init\" aria-label=\"Kontaktformular\" novalidate=\"novalidate\" data-status=\"init\">\n<fieldset class=\"hidden-fields-container\"><input type=\"hidden\" name=\"_wpcf7\" value=\"1594\" \/><input type=\"hidden\" name=\"_wpcf7_version\" value=\"6.1.5\" \/><input type=\"hidden\" name=\"_wpcf7_locale\" value=\"de_DE\" \/><input type=\"hidden\" name=\"_wpcf7_unit_tag\" value=\"wpcf7-f1594-o1\" \/><input type=\"hidden\" name=\"_wpcf7_container_post\" value=\"0\" \/><input type=\"hidden\" name=\"_wpcf7_posted_data_hash\" value=\"\" \/><input type=\"hidden\" name=\"_wpcf7_recaptcha_response\" value=\"\" \/>\n<\/fieldset>\n<p><label> Ihren Namen<br \/>\n<span class=\"wpcf7-form-control-wrap\" data-name=\"your-name\"><input size=\"40\" maxlength=\"400\" class=\"wpcf7-form-control wpcf7-text wpcf7-validates-as-required\" autocomplete=\"name\" aria-required=\"true\" aria-invalid=\"false\" value=\"\" type=\"text\" name=\"your-name\" \/><\/span> <\/label>\n<\/p>\n<p><label> Ihre E-Mail<br \/>\n<span class=\"wpcf7-form-control-wrap\" data-name=\"your-email\"><input size=\"40\" maxlength=\"400\" class=\"wpcf7-form-control wpcf7-email wpcf7-validates-as-required wpcf7-text wpcf7-validates-as-email\" autocomplete=\"email\" aria-required=\"true\" aria-invalid=\"false\" value=\"\" type=\"email\" name=\"your-email\" \/><\/span> <\/label>\n<\/p>\n<p><label> Ihre Telefonnummer<br \/>\n<span class=\"wpcf7-form-control-wrap\" data-name=\"phone-number\"><input size=\"40\" maxlength=\"400\" class=\"wpcf7-form-control wpcf7-tel wpcf7-validates-as-required wpcf7-text wpcf7-validates-as-tel\" aria-required=\"true\" aria-invalid=\"false\" value=\"\" type=\"tel\" name=\"phone-number\" \/><\/span><br \/>\n<\/label>\n<\/p>\n<p><label> Investitionsinstrument<br \/>\n<span class=\"wpcf7-form-control-wrap\" data-name=\"your-subject\"><input size=\"40\" maxlength=\"400\" class=\"wpcf7-form-control wpcf7-text wpcf7-validates-as-required\" aria-required=\"true\" aria-invalid=\"false\" value=\"\" type=\"text\" name=\"your-subject\" \/><\/span> <\/label>\n<\/p>\n<p><label> Investitionsbudget<br \/>\n<span class=\"wpcf7-form-control-wrap\" data-name=\"budget-menu\"><select class=\"wpcf7-form-control wpcf7-select wpcf7-validates-as-required\" aria-required=\"true\" aria-invalid=\"false\" name=\"budget-menu\"><option value=\"100.000 \u20ac - 200.000 \u20ac\">100.000 \u20ac - 200.000 \u20ac<\/option><option value=\"200.000 \u20ac - 300.000 \u20ac\">200.000 \u20ac - 300.000 \u20ac<\/option><option value=\"300.000 \u20ac - 400.000 \u20ac\">300.000 \u20ac - 400.000 \u20ac<\/option><option value=\"Over 400.000 \u20ac\">Over 400.000 \u20ac<\/option><\/select><\/span><br \/>\n<\/label>\n<\/p>\n<p><label> Ihre Nachricht (optional)<br \/>\n<span class=\"wpcf7-form-control-wrap\" data-name=\"your-message\"><textarea cols=\"40\" rows=\"10\" maxlength=\"2000\" class=\"wpcf7-form-control wpcf7-textarea\" aria-invalid=\"false\" name=\"your-message\"><\/textarea><\/span> <\/label>\n<\/p>\n<p><input class=\"wpcf7-form-control wpcf7-submit has-spinner\" type=\"submit\" value=\"Einreichen\" \/>\n<\/p><div class=\"wpcf7-response-output\" aria-hidden=\"true\"><\/div>\n<\/form>\n<\/div>\n\n\n\n\t\t<\/div>\n\t\t\t\t\t<\/div>\n\n\t\n\n<\/div>\n\n\t\t<\/div>\n\n\t\t\n<style>\n#section_123736748 {\n  padding-top: 10px;\n  padding-bottom: 10px;\n}\n<\/style>\n\t<\/section>\n\t\n","protected":false},"excerpt":{"rendered":"","protected":false},"author":1,"featured_media":1288,"parent":0,"menu_order":0,"comment_status":"closed","ping_status":"closed","template":"page-blank.php","meta":{"_joinchat":[],"footnotes":""},"class_list":["post-1312","page","type-page","status-publish","has-post-thumbnail","hentry"],"_links":{"self":[{"href":"https:\/\/timurbeyproject.com\/de\/wp-json\/wp\/v2\/pages\/1312","targetHints":{"allow":["GET"]}}],"collection":[{"href":"https:\/\/timurbeyproject.com\/de\/wp-json\/wp\/v2\/pages"}],"about":[{"href":"https:\/\/timurbeyproject.com\/de\/wp-json\/wp\/v2\/types\/page"}],"author":[{"embeddable":true,"href":"https:\/\/timurbeyproject.com\/de\/wp-json\/wp\/v2\/users\/1"}],"replies":[{"embeddable":true,"href":"https:\/\/timurbeyproject.com\/de\/wp-json\/wp\/v2\/comments?post=1312"}],"version-history":[{"count":8,"href":"https:\/\/timurbeyproject.com\/de\/wp-json\/wp\/v2\/pages\/1312\/revisions"}],"predecessor-version":[{"id":1651,"href":"https:\/\/timurbeyproject.com\/de\/wp-json\/wp\/v2\/pages\/1312\/revisions\/1651"}],"wp:featuredmedia":[{"embeddable":true,"href":"https:\/\/timurbeyproject.com\/de\/wp-json\/wp\/v2\/media\/1288"}],"wp:attachment":[{"href":"https:\/\/timurbeyproject.com\/de\/wp-json\/wp\/v2\/media?parent=1312"}],"curies":[{"name":"wp","href":"https:\/\/api.w.org\/{rel}","templated":true}]}}